{"id":777,"date":"2016-12-13T20:25:24","date_gmt":"2016-12-13T15:25:24","guid":{"rendered":"http:\/\/cgauthier.ca\/en\/?page_id=777"},"modified":"2017-11-07T02:44:29","modified_gmt":"2017-11-06T21:44:29","slug":"contact-us","status":"publish","type":"page","link":"https:\/\/blog.cgauthier.ca\/en\/contact-us\/","title":{"rendered":"Exhibition"},"content":{"rendered":"<p>[vc_row row_type=&#8221;row&#8221; use_row_as_full_screen_section=&#8221;no&#8221; type=&#8221;full_width&#8221; text_align=&#8221;left&#8221; padding_bottom=&#8221;75&#8243; css_animation=&#8221;&#8221;][vc_column][vc_column_text]<\/p>\n<h1 style=\"text-align: center;\">In touch with Photographers<\/h1>\n<h4 style=\"text-align: center;\">Call for Exhibitors<\/h4>\n<p>[\/vc_column_text][\/vc_column][vc_column][vc_single_image image=&#8221;388&#8243; img_size=&#8221;full&#8221; qode_css_animation=&#8221;&#8221;][\/vc_column][\/vc_row][vc_row row_type=&#8221;row&#8221; use_row_as_full_screen_section=&#8221;no&#8221; type=&#8221;full_width&#8221; text_align=&#8221;left&#8221; css_animation=&#8221;&#8221;][vc_column width=&#8221;1\/2&#8243;][vc_column_text]We are looking for passionate photographers who want to present their photographic creations.[\/vc_column_text][vc_empty_space height=&#8221;20px&#8221;][vc_column_text]<\/p>\n<h2><strong>Submission Guidelines<\/strong><\/h2>\n<p>The Selection Committee of the Anticaf\u00e9 Photo Group invites photographers to present us with proposals associated with an approach of artistic creation.<\/p>\n<p>The photographer should be able to communicate their artistic approach, their objectives and to submit their photos in front of the Selection Committee. The topics chosen are at the sole discretion of the bidder. However, the work must be cohesive and well integrated and meet the minimum standards of technical quality.[\/vc_column_text][vc_empty_space height=&#8221;20px&#8221;][vc_column_text]<\/p>\n<h2><strong>Preparation of the exhibition<\/strong><\/h2>\n<p>The Selected bidders will be able to work with the members of the Production Team of the Anticaf\u00e9 Photo Group\u00a0for the preparation of the exhibition.<\/p>\n<p>The members of the production team are able to assist the photographer in the following tasks:<\/p>\n<ul>\n<li>Selection of photos;<\/li>\n<li>Preparation of the prints and the mounting of photos;<\/li>\n<li>Promotion of the event in order to ensure optimal visibility, mainly through social media;<\/li>\n<li>Campaigns on medias to gain visibility.<\/li>\n<\/ul>\n<p>[\/vc_column_text][vc_empty_space height=&#8221;20px&#8221;][vc_column_text]<\/p>\n<h2><strong>Documents Required<\/strong><\/h2>\n<p>Send your files by e-mail to Photo@blog.cgauthier.ca<\/p>\n<p>Your submission should include:<\/p>\n<ol>\n<li>A short presentation explaining how your project is linked to the theme of visual creation;<\/li>\n<li>A selection of low resolution images with a description and the title of each image, the size of print and the date of capture;<\/li>\n<li>A link to your Web page or another site presenting your works;<\/li>\n<li>A brief curriculum vitae of the bidder;<\/li>\n<li>Your complete contact information, including name, mailing address, telephone, e-mail, Web site, country of birth.<\/li>\n<\/ol>\n<p>All records in accordance with the instructions described in the present document will be carefully examined by the Selection Committee.[\/vc_column_text][vc_empty_space height=&#8221;20px&#8221;][vc_column_text]<\/p>\n<h2><strong>Exhibition\u00a0Space<\/strong><\/h2>\n<p>The exhibition hall of the Anticaf\u00e9 will be available to the selected photographers, for a period of 8 days (per event). No fee will be charged to the exhibitors. The revenues from sales of photographs during the exposure period will be returned to the artist (less the credit card fees).[\/vc_column_text][vc_empty_space height=&#8221;50px&#8221;][\/vc_column][vc_column width=&#8221;1\/2&#8243;][vc_column_text]<\/p>\n<h2 style=\"text-align: center;\">The act of creation in Photography<\/h2>\n<p>[\/vc_column_text][vc_empty_space height=&#8221;23px&#8221;][vc_column_text]The digital revolution in which we live has propelled photography at the heart of our daily lives. On one hand, the democratization of digital cameras, cellular phones, virtual reality devices, technologies of artificial intelligence, and on the other hand, the ubiquity of the Internet and social networks lead us to rethink the place of photography in the society.<\/p>\n<p>The proliferation of photography in the everyday life leads us to ask this question: how is the artistic creation expressed by photography?<\/p>\n<p>We all produce and consume photos. Our eye is appropriating the images and our aesthetic quality is defined in terms of the images that are circulating around us. How to get out of the Universal manure in which these images accumulate?<\/p>\n<p>How can we express themselves in an original way through photography? The appropriation of the image through the artistic creation and a rigorous approach allows you to express its mink and Its Values<\/p>\n<p>The photographer artist seeks to capture a clear vision and to share it with the observer.[\/vc_column_text][vc_empty_space height=&#8221;26px&#8221;][vc_column_text]<\/p>\n<h4>Contact us<\/h4>\n<p>[\/vc_column_text][vc_empty_space height=&#8221;20px&#8221;]<div role=\"form\" class=\"wpcf7\" id=\"wpcf7-f1092-o1\" lang=\"fr-FR\" dir=\"ltr\">\n<div class=\"screen-reader-response\"><p role=\"status\" aria-live=\"polite\" aria-atomic=\"true\"><\/p> <ul><\/ul><\/div>\n<form action=\"\/en\/wp-json\/wp\/v2\/pages\/777#wpcf7-f1092-o1\" method=\"post\" class=\"wpcf7-form init default\" novalidate=\"novalidate\" data-status=\"init\">\n<div style=\"display: none;\">\n<input type=\"hidden\" name=\"_wpcf7\" value=\"1092\" \/>\n<input type=\"hidden\" name=\"_wpcf7_version\" value=\"5.3.2\" \/>\n<input type=\"hidden\" name=\"_wpcf7_locale\" value=\"fr_FR\" \/>\n<input type=\"hidden\" name=\"_wpcf7_unit_tag\" value=\"wpcf7-f1092-o1\" \/>\n<input type=\"hidden\" name=\"_wpcf7_container_post\" value=\"0\" \/>\n<input type=\"hidden\" name=\"_wpcf7_posted_data_hash\" value=\"\" \/>\n<\/div>\n<p><label>Your name (required)<br \/>\n    <span class=\"wpcf7-form-control-wrap your-name\"><input type=\"text\" name=\"your-name\" value=\"\" size=\"40\" class=\"wpcf7-form-control wpcf7-text wpcf7-validates-as-required\" aria-required=\"true\" aria-invalid=\"false\" \/><\/span> <\/label><\/p>\n<p><label> Your e-mail (required)<br \/>\n    <span class=\"wpcf7-form-control-wrap your-email\"><input type=\"email\" name=\"your-email\" value=\"\" size=\"40\" class=\"wpcf7-form-control wpcf7-text wpcf7-email wpcf7-validates-as-required wpcf7-validates-as-email\" aria-required=\"true\" aria-invalid=\"false\" \/><\/span> <\/label><\/p>\n<p><label> Subject<br \/>\n    <span class=\"wpcf7-form-control-wrap your-subject\"><input type=\"text\" name=\"your-subject\" value=\"\" size=\"40\" class=\"wpcf7-form-control wpcf7-text\" aria-invalid=\"false\" \/><\/span> <\/label><\/p>\n<p><label> Your message<br \/>\n    <span class=\"wpcf7-form-control-wrap your-message\"><textarea name=\"your-message\" cols=\"40\" rows=\"10\" class=\"wpcf7-form-control wpcf7-textarea\" aria-invalid=\"false\"><\/textarea><\/span> <\/label><\/p>\n<p><input type=\"submit\" value=\"Send\" class=\"wpcf7-form-control wpcf7-submit\" \/><\/p>\n<div class=\"wpcf7-response-output\" aria-hidden=\"true\"><\/div><\/form><\/div>[\/vc_column][vc_column][\/vc_column][\/vc_row]<\/p>\n","protected":false},"excerpt":{"rendered":"<p>[vc_row row_type=&#8221;row&#8221; use_row_as_full_screen_section=&#8221;no&#8221; type=&#8221;full_width&#8221; text_align=&#8221;left&#8221; padding_bottom=&#8221;75&#8243; css_animation=&#8221;&#8221;][vc_column][vc_column_text] In touch with Photographers Call for Exhibitors [\/vc_column_text][\/vc_column][vc_column][vc_single_image&#8230;<\/p>\n","protected":false},"author":3,"featured_media":0,"parent":0,"menu_order":0,"comment_status":"closed","ping_status":"closed","template":"","meta":[],"yoast_head":"<!-- This site is optimized with the Yoast SEO Premium plugin v15.8.2 - https:\/\/yoast.com\/wordpress\/plugins\/seo\/ -->\n<meta name=\"description\" content=\"Contactez-moi par formulaire de contact ou par courriel. Vous pouvez aussi venir me rencontrer et participer \u00e0 mon Groupe Photo Anticaf\u00e9 Montr\u00e9al.\" \/>\n<meta name=\"robots\" content=\"index, follow, max-snippet:-1, max-image-preview:large, max-video-preview:-1\" \/>\n<link rel=\"canonical\" href=\"https:\/\/blog.cgauthier.ca\/en\/contact-us\/\" \/>\n<meta property=\"og:locale\" content=\"en_US\" \/>\n<meta property=\"og:type\" content=\"article\" \/>\n<meta property=\"og:title\" content=\"Contact Us - Claude Gauthier\" \/>\n<meta property=\"og:description\" content=\"Contactez-moi par formulaire de contact ou par courriel. Vous pouvez aussi venir me rencontrer et participer \u00e0 mon Groupe Photo Anticaf\u00e9 Montr\u00e9al.\" \/>\n<meta property=\"og:url\" content=\"https:\/\/blog.cgauthier.ca\/en\/contact-us\/\" \/>\n<meta property=\"og:site_name\" content=\"Claude Gauthier\" \/>\n<meta property=\"article:modified_time\" content=\"2017-11-06T21:44:29+00:00\" \/>\n<meta name=\"twitter:card\" content=\"summary\" \/>\n<script type=\"application\/ld+json\" class=\"yoast-schema-graph\">{\"@context\":\"https:\/\/schema.org\",\"@graph\":[{\"@type\":\"WebSite\",\"@id\":\"https:\/\/blog.cgauthier.ca\/en\/#website\",\"url\":\"https:\/\/blog.cgauthier.ca\/en\/\",\"name\":\"Claude Gauthier\",\"description\":\"Site web\",\"publisher\":{\"@id\":\"https:\/\/blog.cgauthier.ca\/en\/#\/schema\/person\/ebd433ca6f2fa9dd59e19a0982803104\"},\"potentialAction\":[{\"@type\":\"SearchAction\",\"target\":\"https:\/\/blog.cgauthier.ca\/en\/?s={search_term_string}\",\"query-input\":\"required name=search_term_string\"}],\"inLanguage\":\"en-US\"},{\"@type\":\"WebPage\",\"@id\":\"https:\/\/blog.cgauthier.ca\/en\/contact-us\/#webpage\",\"url\":\"https:\/\/blog.cgauthier.ca\/en\/contact-us\/\",\"name\":\"Contact Us - Claude Gauthier\",\"isPartOf\":{\"@id\":\"https:\/\/blog.cgauthier.ca\/en\/#website\"},\"datePublished\":\"2016-12-13T15:25:24+00:00\",\"dateModified\":\"2017-11-06T21:44:29+00:00\",\"description\":\"Contactez-moi par formulaire de contact ou par courriel. Vous pouvez aussi venir me rencontrer et participer \\u00e0 mon Groupe Photo Anticaf\\u00e9 Montr\\u00e9al.\",\"breadcrumb\":{\"@id\":\"https:\/\/blog.cgauthier.ca\/en\/contact-us\/#breadcrumb\"},\"inLanguage\":\"en-US\",\"potentialAction\":[{\"@type\":\"ReadAction\",\"target\":[\"https:\/\/blog.cgauthier.ca\/en\/contact-us\/\"]}]},{\"@type\":\"BreadcrumbList\",\"@id\":\"https:\/\/blog.cgauthier.ca\/en\/contact-us\/#breadcrumb\",\"itemListElement\":[{\"@type\":\"ListItem\",\"position\":1,\"item\":{\"@type\":\"WebPage\",\"@id\":\"https:\/\/blog.cgauthier.ca\/en\/\",\"url\":\"https:\/\/blog.cgauthier.ca\/en\/\",\"name\":\"Home\"}},{\"@type\":\"ListItem\",\"position\":2,\"item\":{\"@type\":\"WebPage\",\"@id\":\"https:\/\/blog.cgauthier.ca\/en\/contact-us\/\",\"url\":\"https:\/\/blog.cgauthier.ca\/en\/contact-us\/\",\"name\":\"Exhibition\"}}]},{\"@type\":[\"Article\",\"\"],\"@id\":\"https:\/\/blog.cgauthier.ca\/en\/contact-us\/#article\",\"isPartOf\":{\"@id\":\"https:\/\/blog.cgauthier.ca\/en\/contact-us\/#webpage\"},\"author\":{\"@id\":\"https:\/\/blog.cgauthier.ca\/en\/#\/schema\/person\/ebd433ca6f2fa9dd59e19a0982803104\"},\"headline\":\"Exhibition\",\"datePublished\":\"2016-12-13T15:25:24+00:00\",\"dateModified\":\"2017-11-06T21:44:29+00:00\",\"mainEntityOfPage\":{\"@id\":\"https:\/\/blog.cgauthier.ca\/en\/contact-us\/#webpage\"},\"publisher\":{\"@id\":\"https:\/\/blog.cgauthier.ca\/en\/#\/schema\/person\/ebd433ca6f2fa9dd59e19a0982803104\"},\"inLanguage\":\"en-US\"},{\"@type\":[\"Person\",\"Organization\"],\"@id\":\"https:\/\/blog.cgauthier.ca\/en\/#\/schema\/person\/ebd433ca6f2fa9dd59e19a0982803104\",\"name\":\"Claude Gauthier\",\"image\":{\"@type\":\"ImageObject\",\"@id\":\"https:\/\/blog.cgauthier.ca\/en\/#personlogo\",\"inLanguage\":\"en-US\",\"url\":\"https:\/\/secure.gravatar.com\/avatar\/f62d197410dd4d9ec96f41206c91af75?s=96&d=mm&r=g\",\"caption\":\"Claude Gauthier\"},\"logo\":{\"@id\":\"https:\/\/blog.cgauthier.ca\/en\/#personlogo\"},\"description\":\"514-992-4359\",\"sameAs\":[\"http:\/\/photo.blog.cgauthier.ca\"]}]}<\/script>\n<!-- \/ Yoast SEO Premium plugin. -->","_links":{"self":[{"href":"https:\/\/blog.cgauthier.ca\/en\/wp-json\/wp\/v2\/pages\/777"}],"collection":[{"href":"https:\/\/blog.cgauthier.ca\/en\/wp-json\/wp\/v2\/pages"}],"about":[{"href":"https:\/\/blog.cgauthier.ca\/en\/wp-json\/wp\/v2\/types\/page"}],"author":[{"embeddable":true,"href":"https:\/\/blog.cgauthier.ca\/en\/wp-json\/wp\/v2\/users\/3"}],"replies":[{"embeddable":true,"href":"https:\/\/blog.cgauthier.ca\/en\/wp-json\/wp\/v2\/comments?post=777"}],"version-history":[{"count":11,"href":"https:\/\/blog.cgauthier.ca\/en\/wp-json\/wp\/v2\/pages\/777\/revisions"}],"predecessor-version":[{"id":2456,"href":"https:\/\/blog.cgauthier.ca\/en\/wp-json\/wp\/v2\/pages\/777\/revisions\/2456"}],"wp:attachment":[{"href":"https:\/\/blog.cgauthier.ca\/en\/wp-json\/wp\/v2\/media?parent=777"}],"curies":[{"name":"wp","href":"https:\/\/api.w.org\/{rel}","templated":true}]}}