{"id":775,"date":"2016-03-09T13:31:48","date_gmt":"2016-03-09T08:31:48","guid":{"rendered":"http:\/\/cgauthier.ca\/en\/?page_id=775"},"modified":"2019-01-03T21:06:59","modified_gmt":"2019-01-03T16:06:59","slug":"accueil","status":"publish","type":"page","link":"https:\/\/blog.cgauthier.ca\/en\/","title":{"rendered":"Welcome"},"content":{"rendered":"<p>[vc_row row_type=&#8221;row&#8221; use_row_as_full_screen_section=&#8221;no&#8221; type=&#8221;full_width&#8221; text_align=&#8221;left&#8221; css_animation=&#8221;&#8221; css=&#8221;.vc_custom_1482972879657{margin-right: 70px !important;margin-bottom: 50px !important;margin-left: -10px !important;}&#8221; el_class=&#8221;cg-texte&#8221;][vc_column width=&#8221;1\/2&#8243; css=&#8221;.vc_custom_1482972432634{margin-top: 10px !important;margin-bottom: 10px !important;}&#8221;][vc_column_text css=&#8221;.vc_custom_1497282932097{padding-top: 25px !important;padding-right: 25px !important;padding-bottom: 25px !important;padding-left: 25px !important;background-color: #ffffff !important;}&#8221;]<\/p>\n<h4 style=\"margin-bottom: 10px;\">Welcome<\/h4>\n<p style=\"margin-bottom: 10px;\">Collaborative platform to promote photography as an act of artistic expression and an expression of its artists, for photographers who share their passion for creation.<\/p>\n<p>My main area of photographic production is in the creation of artistic male portraits in the studio. These images are an excerpt and offer an enhanced vision of the reality. They allow the exploration of strong expressions, of symbolic visions which give a unique dimension to each photo. I mainly work with dancers and actors who are comfortable with the visual search process.<\/p>\n<p>A creator must integrate the social message of his work to his vision. Art does not exist without communicating a vision and values that influence the evolution of our society. The artist is an agent of change for our society.<\/p>\n<p>[\/vc_column_text][\/vc_column][vc_column width=&#8221;1\/2&#8243; css=&#8221;.vc_custom_1482972437632{margin-top: 10px !important;margin-bottom: 10px !important;}&#8221;][vc_column_text css=&#8221;.vc_custom_1546531438946{padding-top: 25px !important;padding-right: 25px !important;padding-bottom: 25px !important;padding-left: 25px !important;background-color: #ffffff !important;}&#8221;]<\/p>\n<h3 style=\"margin-bottom: 10px; text-align: center;\">Project Venus &amp; Adonis<\/h3>\n<p>&nbsp;<\/p>\n<p><img loading=\"lazy\" class=\"wp-image-1480 alignleft\" src=\"http:\/\/blog.cgauthier.ca\/wp-content\/uploads\/2016\/03\/00-Title-Page-300x217.jpg\" alt=\"\" width=\"252\" height=\"183\" srcset=\"https:\/\/blog.cgauthier.ca\/wp-content\/uploads\/2016\/03\/00-Title-Page-300x217.jpg 300w, https:\/\/blog.cgauthier.ca\/wp-content\/uploads\/2016\/03\/00-Title-Page.jpg 407w\" sizes=\"(max-width: 252px) 100vw, 252px\" \/><\/p>\n<p>Following our discussion on beauty in photography, you are invited to contribute a pair of <strong>Venus and Adonis<\/strong> of your own, to present to the group. Our goal is to apply the concepts of aesthetic beauty of ancient Greece to modern photographic production. Our reference guide is the author Umberto Eco, &#8220;History of the Beauty&#8221; which describes the representation of the beauty of the human body through the centuries.<\/p>\n<p>&nbsp;<\/p>\n<p>&nbsp;<\/p>\n<p>&nbsp;<\/p>\n<p>[\/vc_column_text][vc_separator type=&#8221;normal&#8221; border_style=&#8221;&#8221; up=&#8221;20&#8243; down=&#8221;20&#8243;][vc_column_text]You may register you email to be on our mailing list:<\/p>\n<div role=\"form\" class=\"wpcf7\" id=\"wpcf7-f1095-o1\" lang=\"fr-FR\" dir=\"ltr\">\n<div class=\"screen-reader-response\"><p role=\"status\" aria-live=\"polite\" aria-atomic=\"true\"><\/p> <ul><\/ul><\/div>\n<form action=\"\/en\/wp-json\/wp\/v2\/pages\/775#wpcf7-f1095-o1\" method=\"post\" class=\"wpcf7-form init\" novalidate=\"novalidate\" data-status=\"init\">\n<div style=\"display: none;\">\n<input type=\"hidden\" name=\"_wpcf7\" value=\"1095\" \/>\n<input type=\"hidden\" name=\"_wpcf7_version\" value=\"5.3.2\" \/>\n<input type=\"hidden\" name=\"_wpcf7_locale\" value=\"fr_FR\" \/>\n<input type=\"hidden\" name=\"_wpcf7_unit_tag\" value=\"wpcf7-f1095-o1\" \/>\n<input type=\"hidden\" name=\"_wpcf7_container_post\" value=\"0\" \/>\n<input type=\"hidden\" name=\"_wpcf7_posted_data_hash\" value=\"\" \/>\n<\/div>\n<p><span class=\"wpcf7-form-control-wrap your-mail\"><input type=\"email\" name=\"your-mail\" value=\"\" size=\"40\" class=\"wpcf7-form-control wpcf7-text wpcf7-email wpcf7-validates-as-required wpcf7-validates-as-email\" aria-required=\"true\" aria-invalid=\"false\" placeholder=\"Your email address\" \/><\/span> <\/p>\n<p><!-- Mailchimp for WordPress v4.8.3 - https:\/\/www.mc4wp.com\/ --><input type=\"hidden\" name=\"_mc4wp_subscribe_contact-form-7\" value=\"0\" \/><span class=\" mc4wp-checkbox mc4wp-checkbox-contact-form-7\" ><label><input type=\"checkbox\" name=\"_mc4wp_subscribe_contact-form-7\" value=\"1\" checked=\"checked\" \/><span>M'inscrire pour recevoir la lettre d'information !<\/span><\/label><\/span><!-- \/ Mailchimp for WordPress --><\/p>\n<p><input type=\"submit\" value=\"Send\" class=\"wpcf7-form-control wpcf7-submit\" \/><\/p>\n<div class=\"wpcf7-response-output\" aria-hidden=\"true\"><\/div><\/form><\/div>[\/vc_column_text][\/vc_column][\/vc_row][vc_row row_type=&#8221;row&#8221; use_row_as_full_screen_section=&#8221;no&#8221; type=&#8221;full_width&#8221; text_align=&#8221;left&#8221; css_animation=&#8221;&#8221;][vc_column width=&#8221;1\/2&#8243;][vc_column_text]<\/p>\n<h4 style=\"text-align: center;\"><span style=\"color: #ff0000;\">Collective Project \/ Spring 2019<\/span><\/h4>\n<h3 style=\"text-align: center;\">Canadian photographers who have left their marks<\/h3>\n<p><img loading=\"lazy\" class=\"size-medium wp-image-3493 alignleft\" src=\"http:\/\/blog.cgauthier.ca\/wp-content\/uploads\/2016\/03\/The-Ice-Boat-Samuel-McLaughlin-300x208.jpg\" alt=\"\" width=\"300\" height=\"208\" srcset=\"https:\/\/blog.cgauthier.ca\/wp-content\/uploads\/2016\/03\/The-Ice-Boat-Samuel-McLaughlin-300x208.jpg 300w, https:\/\/blog.cgauthier.ca\/wp-content\/uploads\/2016\/03\/The-Ice-Boat-Samuel-McLaughlin-700x485.jpg 700w, https:\/\/blog.cgauthier.ca\/wp-content\/uploads\/2016\/03\/The-Ice-Boat-Samuel-McLaughlin.jpg 760w\" sizes=\"(max-width: 300px) 100vw, 300px\" \/>Montreal, Quebec, Canada have allowed exceptional photographers to establish themselves and contribute to the world&#8217;s photographic history. Although few, some have left indelible traces and their work has survived to this day.<\/p>\n<p>The Montreal Photo Creation Group&#8217;s Spring 2019 project invites us to undertake an inventory of influential Canadian photographers, to discuss their work and to understand how their influence continues to inspire photographers to this day.<\/p>\n<p>Thanks to their artistic inspiration, their business acumen and a clear vision of society, these photographers contributed in a lasting manner to the Canadian photographic history. Their methodical approach allowed the preservation of their work either through the help of museum organizations or foundations, thus ensuring the cataloging and promotion of photographs.[\/vc_column_text][\/vc_column][\/vc_row][vc_row row_type=&#8221;row&#8221; use_row_as_full_screen_section=&#8221;no&#8221; type=&#8221;full_width&#8221; text_align=&#8221;left&#8221; css_animation=&#8221;&#8221;][vc_column][vc_separator type=&#8221;normal&#8221; border_style=&#8221;&#8221; up=&#8221;40&#8243; down=&#8221;40&#8243;][\/vc_column][\/vc_row]<\/p>\n","protected":false},"excerpt":{"rendered":"<p>[vc_row row_type=&#8221;row&#8221; use_row_as_full_screen_section=&#8221;no&#8221; type=&#8221;full_width&#8221; text_align=&#8221;left&#8221; css_animation=&#8221;&#8221; css=&#8221;.vc_custom_1482972879657{margin-right: 70px !important;margin-bottom: 50px !important;margin-left: -10px !important;}&#8221; el_class=&#8221;cg-texte&#8221;][vc_column width=&#8221;1\/2&#8243;&#8230;<\/p>\n","protected":false},"author":3,"featured_media":0,"parent":0,"menu_order":0,"comment_status":"closed","ping_status":"closed","template":"blog-pinterest-full-width.php","meta":[],"yoast_head":"<!-- This site is optimized with the Yoast SEO Premium plugin v15.8.2 - https:\/\/yoast.com\/wordpress\/plugins\/seo\/ -->\n<meta name=\"description\" content=\"Claude Gauthier est un photographe et passionn\u00e9 de la photo \u00e0 Montr\u00e9al. Il est un photographe connu pour sa production artistique et commerciale.\" \/>\n<meta name=\"robots\" content=\"index, follow, max-snippet:-1, max-image-preview:large, max-video-preview:-1\" \/>\n<link rel=\"canonical\" href=\"https:\/\/blog.cgauthier.ca\/en\/\" \/>\n<meta property=\"og:locale\" content=\"en_US\" \/>\n<meta property=\"og:type\" content=\"article\" \/>\n<meta property=\"og:title\" content=\"Photographe et passionn\u00e9 de la photo - Claude Gauthier\" \/>\n<meta property=\"og:description\" content=\"Claude Gauthier est un photographe et passionn\u00e9 de la photo \u00e0 Montr\u00e9al. Il est un photographe connu pour sa production artistique et commerciale.\" \/>\n<meta property=\"og:url\" content=\"https:\/\/blog.cgauthier.ca\/en\/\" \/>\n<meta property=\"og:site_name\" content=\"Claude Gauthier\" \/>\n<meta property=\"article:modified_time\" content=\"2019-01-03T16:06:59+00:00\" \/>\n<meta property=\"og:image\" content=\"http:\/\/blog.cgauthier.ca\/wp-content\/uploads\/2016\/03\/00-Title-Page-300x217.jpg\" \/>\n<meta name=\"twitter:card\" content=\"summary\" \/>\n<script type=\"application\/ld+json\" class=\"yoast-schema-graph\">{\"@context\":\"https:\/\/schema.org\",\"@graph\":[{\"@type\":\"WebSite\",\"@id\":\"https:\/\/blog.cgauthier.ca\/en\/#website\",\"url\":\"https:\/\/blog.cgauthier.ca\/en\/\",\"name\":\"Claude Gauthier\",\"description\":\"Site web\",\"publisher\":{\"@id\":\"https:\/\/blog.cgauthier.ca\/en\/#\/schema\/person\/ebd433ca6f2fa9dd59e19a0982803104\"},\"potentialAction\":[{\"@type\":\"SearchAction\",\"target\":\"https:\/\/blog.cgauthier.ca\/en\/?s={search_term_string}\",\"query-input\":\"required name=search_term_string\"}],\"inLanguage\":\"en-US\"},{\"@type\":\"ImageObject\",\"@id\":\"https:\/\/blog.cgauthier.ca\/en\/#primaryimage\",\"inLanguage\":\"en-US\",\"url\":\"http:\/\/blog.cgauthier.ca\/wp-content\/uploads\/2016\/03\/00-Title-Page-300x217.jpg\"},{\"@type\":\"WebPage\",\"@id\":\"https:\/\/blog.cgauthier.ca\/en\/#webpage\",\"url\":\"https:\/\/blog.cgauthier.ca\/en\/\",\"name\":\"Photographe et passionn\\u00e9 de la photo - Claude Gauthier\",\"isPartOf\":{\"@id\":\"https:\/\/blog.cgauthier.ca\/en\/#website\"},\"primaryImageOfPage\":{\"@id\":\"https:\/\/blog.cgauthier.ca\/en\/#primaryimage\"},\"datePublished\":\"2016-03-09T08:31:48+00:00\",\"dateModified\":\"2019-01-03T16:06:59+00:00\",\"description\":\"Claude Gauthier est un photographe et passionn\\u00e9 de la photo \\u00e0 Montr\\u00e9al. Il est un photographe connu pour sa production artistique et commerciale.\",\"breadcrumb\":{\"@id\":\"https:\/\/blog.cgauthier.ca\/en\/#breadcrumb\"},\"inLanguage\":\"en-US\",\"potentialAction\":[{\"@type\":\"ReadAction\",\"target\":[\"https:\/\/blog.cgauthier.ca\/en\/\"]}]},{\"@type\":\"BreadcrumbList\",\"@id\":\"https:\/\/blog.cgauthier.ca\/en\/#breadcrumb\",\"itemListElement\":[{\"@type\":\"ListItem\",\"position\":1,\"item\":{\"@type\":\"WebPage\",\"@id\":\"https:\/\/blog.cgauthier.ca\/en\/\",\"url\":\"https:\/\/blog.cgauthier.ca\/en\/\",\"name\":\"Home\"}},{\"@type\":\"ListItem\",\"position\":2,\"item\":{\"@type\":\"WebPage\",\"@id\":\"https:\/\/blog.cgauthier.ca\/en\/\",\"url\":\"https:\/\/blog.cgauthier.ca\/en\/\",\"name\":\"Welcome\"}}]},{\"@type\":[\"Article\",\"\"],\"@id\":\"https:\/\/blog.cgauthier.ca\/en\/#article\",\"isPartOf\":{\"@id\":\"https:\/\/blog.cgauthier.ca\/en\/#webpage\"},\"author\":{\"@id\":\"https:\/\/blog.cgauthier.ca\/en\/#\/schema\/person\/ebd433ca6f2fa9dd59e19a0982803104\"},\"headline\":\"Welcome\",\"datePublished\":\"2016-03-09T08:31:48+00:00\",\"dateModified\":\"2019-01-03T16:06:59+00:00\",\"mainEntityOfPage\":{\"@id\":\"https:\/\/blog.cgauthier.ca\/en\/#webpage\"},\"publisher\":{\"@id\":\"https:\/\/blog.cgauthier.ca\/en\/#\/schema\/person\/ebd433ca6f2fa9dd59e19a0982803104\"},\"image\":{\"@id\":\"https:\/\/blog.cgauthier.ca\/en\/#primaryimage\"},\"inLanguage\":\"en-US\"},{\"@type\":[\"Person\",\"Organization\"],\"@id\":\"https:\/\/blog.cgauthier.ca\/en\/#\/schema\/person\/ebd433ca6f2fa9dd59e19a0982803104\",\"name\":\"Claude Gauthier\",\"image\":{\"@type\":\"ImageObject\",\"@id\":\"https:\/\/blog.cgauthier.ca\/en\/#personlogo\",\"inLanguage\":\"en-US\",\"url\":\"https:\/\/secure.gravatar.com\/avatar\/f62d197410dd4d9ec96f41206c91af75?s=96&d=mm&r=g\",\"caption\":\"Claude Gauthier\"},\"logo\":{\"@id\":\"https:\/\/blog.cgauthier.ca\/en\/#personlogo\"},\"description\":\"514-992-4359\",\"sameAs\":[\"http:\/\/photo.blog.cgauthier.ca\"]}]}<\/script>\n<!-- \/ Yoast SEO Premium plugin. -->","_links":{"self":[{"href":"https:\/\/blog.cgauthier.ca\/en\/wp-json\/wp\/v2\/pages\/775"}],"collection":[{"href":"https:\/\/blog.cgauthier.ca\/en\/wp-json\/wp\/v2\/pages"}],"about":[{"href":"https:\/\/blog.cgauthier.ca\/en\/wp-json\/wp\/v2\/types\/page"}],"author":[{"embeddable":true,"href":"https:\/\/blog.cgauthier.ca\/en\/wp-json\/wp\/v2\/users\/3"}],"replies":[{"embeddable":true,"href":"https:\/\/blog.cgauthier.ca\/en\/wp-json\/wp\/v2\/comments?post=775"}],"version-history":[{"count":27,"href":"https:\/\/blog.cgauthier.ca\/en\/wp-json\/wp\/v2\/pages\/775\/revisions"}],"predecessor-version":[{"id":3502,"href":"https:\/\/blog.cgauthier.ca\/en\/wp-json\/wp\/v2\/pages\/775\/revisions\/3502"}],"wp:attachment":[{"href":"https:\/\/blog.cgauthier.ca\/en\/wp-json\/wp\/v2\/media?parent=775"}],"curies":[{"name":"wp","href":"https:\/\/api.w.org\/{rel}","templated":true}]}}